{"id":551,"date":"2019-11-19T10:11:01","date_gmt":"2019-11-19T03:11:01","guid":{"rendered":"https:\/\/sikaralombokhotel.com\/?page_id=551"},"modified":"2019-11-19T10:11:01","modified_gmt":"2019-11-19T03:11:01","slug":"rooms","status":"publish","type":"page","link":"https:\/\/sikaralombokhotel.com\/es\/rooms\/","title":{"rendered":"Habitaciones"},"content":{"rendered":"","protected":false},"excerpt":{"rendered":"","protected":false},"author":1,"featured_media":0,"parent":0,"menu_order":0,"comment_status":"closed","ping_status":"closed","template":"elementor_header_footer","meta":{"content-type":"","footnotes":""},"class_list":["post-551","page","type-page","status-publish","hentry","entry"],"yoast_head":"<!-- This site is optimized with the Yoast SEO plugin v26.4 - https:\/\/yoast.com\/wordpress\/plugins\/seo\/ -->\n<title>Rooms - Sikara Lombok Hotel<\/title>\n<meta name=\"description\" content=\"Sikara Lombok Hotel is located in the heart of Kuta on Jalan Mawun that is easily accessed and discovered. The stunning Kuta beach is also within walking distance and Lombok International airport lies approximately 29 kilometres north of the hotel while Mawun Beach is only 8 kilometres and the famous Mawi Beach is a 36 minute-drive away. Besides Kuta Beach, there are many other gorgeous beaches and good surfing spots with excellent waves in Kuta and South Coast of Lombok.\" \/>\n<meta name=\"robots\" content=\"index, follow, max-snippet:-1, max-image-preview:large, max-video-preview:-1\" \/>\n<link rel=\"canonical\" href=\"https:\/\/sikaralombokhotel.com\/es\/rooms\/\" \/>\n<meta property=\"og:locale\" content=\"es_ES\" \/>\n<meta property=\"og:type\" content=\"article\" \/>\n<meta property=\"og:title\" content=\"Rooms - Sikara Lombok Hotel\" \/>\n<meta property=\"og:description\" content=\"Sikara Lombok Hotel is located in the heart of Kuta on Jalan Mawun that is easily accessed and discovered. The stunning Kuta beach is also within walking distance and Lombok International airport lies approximately 29 kilometres north of the hotel while Mawun Beach is only 8 kilometres and the famous Mawi Beach is a 36 minute-drive away. Besides Kuta Beach, there are many other gorgeous beaches and good surfing spots with excellent waves in Kuta and South Coast of Lombok.\" \/>\n<meta property=\"og:url\" content=\"https:\/\/sikaralombokhotel.com\/es\/rooms\/\" \/>\n<meta property=\"og:site_name\" content=\"Sikara Lombok Hotel\" \/>\n<meta name=\"twitter:card\" content=\"summary_large_image\" \/>\n<script type=\"application\/ld+json\" class=\"yoast-schema-graph\">{\"@context\":\"https:\/\/schema.org\",\"@graph\":[{\"@type\":\"WebPage\",\"@id\":\"https:\/\/sikaralombokhotel.com\/rooms\/\",\"url\":\"https:\/\/sikaralombokhotel.com\/rooms\/\",\"name\":\"Rooms - Sikara Lombok Hotel\",\"isPartOf\":{\"@id\":\"https:\/\/sikaralombokhotel.com\/#website\"},\"datePublished\":\"2019-11-19T03:11:01+00:00\",\"description\":\"Sikara Lombok Hotel is located in the heart of Kuta on Jalan Mawun that is easily accessed and discovered. The stunning Kuta beach is also within walking distance and Lombok International airport lies approximately 29 kilometres north of the hotel while Mawun Beach is only 8 kilometres and the famous Mawi Beach is a 36 minute-drive away. Besides Kuta Beach, there are many other gorgeous beaches and good surfing spots with excellent waves in Kuta and South Coast of Lombok.\",\"breadcrumb\":{\"@id\":\"https:\/\/sikaralombokhotel.com\/rooms\/#breadcrumb\"},\"inLanguage\":\"es\",\"potentialAction\":[{\"@type\":\"ReadAction\",\"target\":[\"https:\/\/sikaralombokhotel.com\/rooms\/\"]}]},{\"@type\":\"BreadcrumbList\",\"@id\":\"https:\/\/sikaralombokhotel.com\/rooms\/#breadcrumb\",\"itemListElement\":[{\"@type\":\"ListItem\",\"position\":1,\"name\":\"Home\",\"item\":\"https:\/\/sikaralombokhotel.com\/\"},{\"@type\":\"ListItem\",\"position\":2,\"name\":\"Rooms\"}]},{\"@type\":\"WebSite\",\"@id\":\"https:\/\/sikaralombokhotel.com\/#website\",\"url\":\"https:\/\/sikaralombokhotel.com\/\",\"name\":\"Sikara Lombok Hotel\",\"description\":\"The Sikara Lombok Hotel is located at Lombok (Indonesia)\",\"publisher\":{\"@id\":\"https:\/\/sikaralombokhotel.com\/#organization\"},\"potentialAction\":[{\"@type\":\"SearchAction\",\"target\":{\"@type\":\"EntryPoint\",\"urlTemplate\":\"https:\/\/sikaralombokhotel.com\/?s={search_term_string}\"},\"query-input\":{\"@type\":\"PropertyValueSpecification\",\"valueRequired\":true,\"valueName\":\"search_term_string\"}}],\"inLanguage\":\"es\"},{\"@type\":\"Organization\",\"@id\":\"https:\/\/sikaralombokhotel.com\/#organization\",\"name\":\"Sikara Lombok Hotel\",\"url\":\"https:\/\/sikaralombokhotel.com\/\",\"logo\":{\"@type\":\"ImageObject\",\"inLanguage\":\"es\",\"@id\":\"https:\/\/sikaralombokhotel.com\/#\/schema\/logo\/image\/\",\"url\":\"https:\/\/sikaralombokhotel.com\/wp-content\/uploads\/2019\/11\/Logo.png\",\"contentUrl\":\"https:\/\/sikaralombokhotel.com\/wp-content\/uploads\/2019\/11\/Logo.png\",\"width\":842,\"height\":595,\"caption\":\"Sikara Lombok Hotel\"},\"image\":{\"@id\":\"https:\/\/sikaralombokhotel.com\/#\/schema\/logo\/image\/\"}}]}<\/script>\n<!-- \/ Yoast SEO plugin. -->","yoast_head_json":{"title":"Rooms - Sikara Lombok Hotel","description":"Sikara Lombok Hotel en Indonesia est\u00e1 ubicado en el coraz\u00f3n de Kuta (Jalan Mawun) de f\u00e1cil acceso y descubrimiento. La impresionante playa de Kuta se encuentra a poca distancia y el aeropuerto internacional de Lombok se encuentra aproximadamente a 29 kil\u00f3metros al norte del hotel, mientras que la playa de Mawun est\u00e1 a s\u00f3lo 8 kil\u00f3metros y la famosa playa de Mawi est\u00e1 a 36 minutos en coche. Adem\u00e1s de la playa de Kuta, hay muchas otras playas hermosas y buenos lugares para surfear con excelentes olas en la costa sur de Lombok.","robots":{"index":"index","follow":"follow","max-snippet":"max-snippet:-1","max-image-preview":"max-image-preview:large","max-video-preview":"max-video-preview:-1"},"canonical":"https:\/\/sikaralombokhotel.com\/es\/rooms\/","og_locale":"es_ES","og_type":"article","og_title":"Rooms - Sikara Lombok Hotel","og_description":"Sikara Lombok Hotel is located in the heart of Kuta on Jalan Mawun that is easily accessed and discovered. The stunning Kuta beach is also within walking distance and Lombok International airport lies approximately 29 kilometres north of the hotel while Mawun Beach is only 8 kilometres and the famous Mawi Beach is a 36 minute-drive away. Besides Kuta Beach, there are many other gorgeous beaches and good surfing spots with excellent waves in Kuta and South Coast of Lombok.","og_url":"https:\/\/sikaralombokhotel.com\/es\/rooms\/","og_site_name":"Sikara Lombok Hotel","twitter_card":"summary_large_image","schema":{"@context":"https:\/\/schema.org","@graph":[{"@type":"WebPage","@id":"https:\/\/sikaralombokhotel.com\/rooms\/","url":"https:\/\/sikaralombokhotel.com\/rooms\/","name":"Rooms - Sikara Lombok Hotel","isPartOf":{"@id":"https:\/\/sikaralombokhotel.com\/#website"},"datePublished":"2019-11-19T03:11:01+00:00","description":"Sikara Lombok Hotel en Indonesia est\u00e1 ubicado en el coraz\u00f3n de Kuta (Jalan Mawun) de f\u00e1cil acceso y descubrimiento. La impresionante playa de Kuta se encuentra a poca distancia y el aeropuerto internacional de Lombok se encuentra aproximadamente a 29 kil\u00f3metros al norte del hotel, mientras que la playa de Mawun est\u00e1 a s\u00f3lo 8 kil\u00f3metros y la famosa playa de Mawi est\u00e1 a 36 minutos en coche. Adem\u00e1s de la playa de Kuta, hay muchas otras playas hermosas y buenos lugares para surfear con excelentes olas en la costa sur de Lombok.","breadcrumb":{"@id":"https:\/\/sikaralombokhotel.com\/rooms\/#breadcrumb"},"inLanguage":"es","potentialAction":[{"@type":"ReadAction","target":["https:\/\/sikaralombokhotel.com\/rooms\/"]}]},{"@type":"BreadcrumbList","@id":"https:\/\/sikaralombokhotel.com\/rooms\/#breadcrumb","itemListElement":[{"@type":"ListItem","position":1,"name":"Home","item":"https:\/\/sikaralombokhotel.com\/"},{"@type":"ListItem","position":2,"name":"Rooms"}]},{"@type":"WebSite","@id":"https:\/\/sikaralombokhotel.com\/#website","url":"https:\/\/sikaralombokhotel.com\/","name":"Sikara Lombok Hotel","description":"The Sikara Lombok Hotel is located at Lombok (Indonesia)","publisher":{"@id":"https:\/\/sikaralombokhotel.com\/#organization"},"potentialAction":[{"@type":"SearchAction","target":{"@type":"EntryPoint","urlTemplate":"https:\/\/sikaralombokhotel.com\/?s={search_term_string}"},"query-input":{"@type":"PropertyValueSpecification","valueRequired":true,"valueName":"search_term_string"}}],"inLanguage":"es"},{"@type":"Organization","@id":"https:\/\/sikaralombokhotel.com\/#organization","name":"Sikara Lombok Hotel","url":"https:\/\/sikaralombokhotel.com\/","logo":{"@type":"ImageObject","inLanguage":"es","@id":"https:\/\/sikaralombokhotel.com\/#\/schema\/logo\/image\/","url":"https:\/\/sikaralombokhotel.com\/wp-content\/uploads\/2019\/11\/Logo.png","contentUrl":"https:\/\/sikaralombokhotel.com\/wp-content\/uploads\/2019\/11\/Logo.png","width":842,"height":595,"caption":"Sikara Lombok Hotel"},"image":{"@id":"https:\/\/sikaralombokhotel.com\/#\/schema\/logo\/image\/"}}]}},"_links":{"self":[{"href":"https:\/\/sikaralombokhotel.com\/es\/wp-json\/wp\/v2\/pages\/551","targetHints":{"allow":["GET"]}}],"collection":[{"href":"https:\/\/sikaralombokhotel.com\/es\/wp-json\/wp\/v2\/pages"}],"about":[{"href":"https:\/\/sikaralombokhotel.com\/es\/wp-json\/wp\/v2\/types\/page"}],"author":[{"embeddable":true,"href":"https:\/\/sikaralombokhotel.com\/es\/wp-json\/wp\/v2\/users\/1"}],"replies":[{"embeddable":true,"href":"https:\/\/sikaralombokhotel.com\/es\/wp-json\/wp\/v2\/comments?post=551"}],"version-history":[{"count":1,"href":"https:\/\/sikaralombokhotel.com\/es\/wp-json\/wp\/v2\/pages\/551\/revisions"}],"predecessor-version":[{"id":552,"href":"https:\/\/sikaralombokhotel.com\/es\/wp-json\/wp\/v2\/pages\/551\/revisions\/552"}],"wp:attachment":[{"href":"https:\/\/sikaralombokhotel.com\/es\/wp-json\/wp\/v2\/media?parent=551"}],"curies":[{"name":"wp","href":"https:\/\/api.w.org\/{rel}","templated":true}]}}