{"id":34,"date":"2019-11-15T00:46:39","date_gmt":"2019-11-14T17:46:39","guid":{"rendered":"https:\/\/sikaralombokhotel.com\/?page_id=34"},"modified":"2025-10-15T18:57:55","modified_gmt":"2025-10-15T11:57:55","slug":"get-in-touch","status":"publish","type":"page","link":"https:\/\/sikaralombokhotel.com\/es\/get-in-touch\/","title":{"rendered":"Contacto"},"content":{"rendered":"<div data-elementor-type=\"wp-page\" data-elementor-id=\"34\" class=\"elementor elementor-34\" data-elementor-post-type=\"page\">\n\t\t\t\t\t\t<section class=\"elementor-section elementor-top-section elementor-element elementor-element-1a7c0dc elementor-section-height-min-height elementor-section-boxed elementor-section-height-default elementor-section-items-middle wpr-particle-no wpr-jarallax-no wpr-parallax-no wpr-sticky-section-no\" data-id=\"1a7c0dc\" data-element_type=\"section\" data-settings=\"{&quot;background_background&quot;:&quot;classic&quot;}\">\n\t\t\t\t\t\t<div class=\"elementor-container elementor-column-gap-default\">\n\t\t\t\t\t<div class=\"elementor-column elementor-col-100 elementor-top-column elementor-element elementor-element-5def232\" data-id=\"5def232\" data-element_type=\"column\">\n\t\t\t<div class=\"elementor-widget-wrap\">\n\t\t\t\t\t\t\t<\/div>\n\t\t<\/div>\n\t\t\t\t\t<\/div>\n\t\t<\/section>\n\t\t\t\t<section class=\"elementor-section elementor-top-section elementor-element elementor-element-5ddc3db elementor-section-full_width elementor-section-height-default elementor-section-height-default wpr-particle-no wpr-jarallax-no wpr-parallax-no wpr-sticky-section-no\" data-id=\"5ddc3db\" data-element_type=\"section\" data-settings=\"{&quot;background_background&quot;:&quot;classic&quot;}\">\n\t\t\t\t\t\t<div class=\"elementor-container elementor-column-gap-default\">\n\t\t\t\t\t<div class=\"elementor-column elementor-col-100 elementor-top-column elementor-element elementor-element-132a95d\" data-id=\"132a95d\" data-element_type=\"column\">\n\t\t\t<div class=\"elementor-widget-wrap elementor-element-populated\">\n\t\t\t\t\t\t<div class=\"elementor-element elementor-element-fbce2b6 elementor-widget elementor-widget-heading\" data-id=\"fbce2b6\" data-element_type=\"widget\" data-widget_type=\"heading.default\">\n\t\t\t\t<div class=\"elementor-widget-container\">\n\t\t\t\t\t<h1 class=\"elementor-heading-title elementor-size-default\">Contacto<\/h1>\t\t\t\t<\/div>\n\t\t\t\t<\/div>\n\t\t\t\t<section class=\"elementor-section elementor-inner-section elementor-element elementor-element-1546293 elementor-section-height-min-height elementor-reverse-mobile elementor-section-content-middle elementor-section-boxed elementor-section-height-default wpr-particle-no wpr-jarallax-no wpr-parallax-no wpr-sticky-section-no\" data-id=\"1546293\" data-element_type=\"section\" data-settings=\"{&quot;background_background&quot;:&quot;classic&quot;}\">\n\t\t\t\t\t\t\t<div class=\"elementor-background-overlay\"><\/div>\n\t\t\t\t\t\t\t<div class=\"elementor-container elementor-column-gap-default\">\n\t\t\t\t\t<div class=\"elementor-column elementor-col-50 elementor-inner-column elementor-element elementor-element-b3491c7\" data-id=\"b3491c7\" data-element_type=\"column\">\n\t\t\t<div class=\"elementor-widget-wrap elementor-element-populated\">\n\t\t\t\t\t\t<div class=\"elementor-element elementor-element-1adc3bd8 elementor-invisible elementor-widget elementor-widget-google_maps\" data-id=\"1adc3bd8\" data-element_type=\"widget\" data-settings=\"{&quot;_animation&quot;:&quot;fadeIn&quot;}\" data-widget_type=\"google_maps.default\">\n\t\t\t\t<div class=\"elementor-widget-container\">\n\t\t\t\t\t\t\t<div class=\"elementor-custom-embed\">\n\t\t\t<iframe loading=\"lazy\"\n\t\t\t\t\tsrc=\"https:\/\/maps.google.com\/maps?q=sikara%20lombok&#038;t=m&#038;z=15&#038;output=embed&#038;iwloc=near\"\n\t\t\t\t\ttitle=\"sikara lombok\"\n\t\t\t\t\taria-label=\"sikara lombok\"\n\t\t\t><\/iframe>\n\t\t<\/div>\n\t\t\t\t\t\t<\/div>\n\t\t\t\t<\/div>\n\t\t\t\t\t<\/div>\n\t\t<\/div>\n\t\t\t\t<div class=\"elementor-column elementor-col-50 elementor-inner-column elementor-element elementor-element-041b1ae\" data-id=\"041b1ae\" data-element_type=\"column\" data-settings=\"{&quot;background_background&quot;:&quot;classic&quot;}\">\n\t\t\t<div class=\"elementor-widget-wrap elementor-element-populated\">\n\t\t\t\t\t\t<div class=\"elementor-element elementor-element-d63d7c2 elementor-widget elementor-widget-heading\" data-id=\"d63d7c2\" data-element_type=\"widget\" data-widget_type=\"heading.default\">\n\t\t\t\t<div class=\"elementor-widget-container\">\n\t\t\t\t\t<p class=\"elementor-heading-title elementor-size-default\">Tu Viaje Comienza Con una Conversaci\u00f3n<\/p>\t\t\t\t<\/div>\n\t\t\t\t<\/div>\n\t\t\t\t<div class=\"elementor-element elementor-element-b195954 elementor-widget elementor-widget-shortcode\" data-id=\"b195954\" data-element_type=\"widget\" data-widget_type=\"shortcode.default\">\n\t\t\t\t<div class=\"elementor-widget-container\">\n\t\t\t\t\t\t\t<div class=\"elementor-shortcode\">\n<div class=\"wpcf7 no-js\" id=\"wpcf7-f499-o1\" lang=\"en-US\" dir=\"ltr\" data-wpcf7-id=\"499\">\n<div class=\"screen-reader-response\"><p role=\"status\" aria-live=\"polite\" aria-atomic=\"true\"><\/p> <ul><\/ul><\/div>\n<form action=\"\/es\/wp-json\/wp\/v2\/pages\/34#wpcf7-f499-o1\" method=\"post\" class=\"wpcf7-form init\" aria-label=\"Contact form\" novalidate=\"novalidate\" data-status=\"init\" data-trp-original-action=\"\/es\/wp-json\/wp\/v2\/pages\/34#wpcf7-f499-o1\">\n<fieldset class=\"hidden-fields-container\"><input type=\"hidden\" name=\"_wpcf7\" value=\"499\" \/><input type=\"hidden\" name=\"_wpcf7_version\" value=\"6.1.3\" \/><input type=\"hidden\" name=\"_wpcf7_locale\" value=\"en_US\" \/><input type=\"hidden\" name=\"_wpcf7_unit_tag\" value=\"wpcf7-f499-o1\" \/><input type=\"hidden\" name=\"_wpcf7_container_post\" value=\"0\" \/><input type=\"hidden\" name=\"_wpcf7_posted_data_hash\" value=\"\" \/>\n<\/fieldset>\n<p><label> Su nombre (requerido)<br \/>\n<span class=\"wpcf7-form-control-wrap\" data-name=\"your-name\"><input size=\"40\" maxlength=\"400\" class=\"wpcf7-form-control wpcf7-text wpcf7-validates-as-required\" aria-required=\"true\" aria-invalid=\"false\" value=\"\" type=\"text\" name=\"your-name\" \/><\/span> <\/label>\n<\/p>\n<p><label> Su email (requerido)<br \/>\n<span class=\"wpcf7-form-control-wrap\" data-name=\"your-email\"><input size=\"40\" maxlength=\"400\" class=\"wpcf7-form-control wpcf7-email wpcf7-validates-as-required wpcf7-text wpcf7-validates-as-email\" aria-required=\"true\" aria-invalid=\"false\" value=\"\" type=\"email\" name=\"your-email\" \/><\/span> <\/label>\n<\/p>\n<p><label> Asunto<br \/>\n<span class=\"wpcf7-form-control-wrap\" data-name=\"your-subject\"><input size=\"40\" maxlength=\"400\" class=\"wpcf7-form-control wpcf7-text\" aria-invalid=\"false\" value=\"\" type=\"text\" name=\"your-subject\" \/><\/span> <\/label>\n<\/p>\n<p><label> Su mensaje<br \/>\n<span class=\"wpcf7-form-control-wrap\" data-name=\"your-message\"><textarea cols=\"40\" rows=\"10\" maxlength=\"2000\" class=\"wpcf7-form-control wpcf7-textarea\" aria-invalid=\"false\" name=\"your-message\"><\/textarea><\/span> <\/label>\n<\/p>\n<p><input class=\"wpcf7-form-control wpcf7-submit has-spinner\" type=\"submit\" value=\"Enviar\" \/>\n<\/p><div class=\"wpcf7-response-output\" aria-hidden=\"true\"><\/div>\n<input type=\"hidden\" name=\"trp-form-language\" value=\"es\"\/><\/form>\n<\/div>\n<\/div>\n\t\t\t\t\t\t<\/div>\n\t\t\t\t<\/div>\n\t\t\t\t\t<\/div>\n\t\t<\/div>\n\t\t\t\t\t<\/div>\n\t\t<\/section>\n\t\t\t\t\t<\/div>\n\t\t<\/div>\n\t\t\t\t\t<\/div>\n\t\t<\/section>\n\t\t\t\t<\/div>","protected":false},"excerpt":{"rendered":"<p>CONTACT Your Journey Begins With a Conversation<\/p>","protected":false},"author":1,"featured_media":0,"parent":0,"menu_order":0,"comment_status":"closed","ping_status":"closed","template":"elementor_header_footer","meta":{"content-type":"","footnotes":""},"class_list":["post-34","page","type-page","status-publish","hentry","entry"],"yoast_head":"<!-- This site is optimized with the Yoast SEO plugin v26.4 - https:\/\/yoast.com\/wordpress\/plugins\/seo\/ -->\n<title>Contact - Sikara Lombok Hotel<\/title>\n<meta name=\"description\" content=\"Sikara Lombok Hotel is located in the heart of Kuta on Jalan Mawun that is easily accessed and discovered. The stunning Kuta beach is also within walking distance and Lombok International airport lies approximately 29 kilometres north of the hotel while Mawun Beach is only 8 kilometres and the famous Mawi Beach is a 36 minute-drive away. Besides Kuta Beach, there are many other gorgeous beaches and good surfing spots with excellent waves in Kuta and South Coast of Lombok.\" \/>\n<meta name=\"robots\" content=\"index, follow, max-snippet:-1, max-image-preview:large, max-video-preview:-1\" \/>\n<link rel=\"canonical\" href=\"https:\/\/sikaralombokhotel.com\/es\/get-in-touch\/\" \/>\n<meta property=\"og:locale\" content=\"es_ES\" \/>\n<meta property=\"og:type\" content=\"article\" \/>\n<meta property=\"og:title\" content=\"Contact - Sikara Lombok Hotel\" \/>\n<meta property=\"og:description\" content=\"Sikara Lombok Hotel is located in the heart of Kuta on Jalan Mawun that is easily accessed and discovered. The stunning Kuta beach is also within walking distance and Lombok International airport lies approximately 29 kilometres north of the hotel while Mawun Beach is only 8 kilometres and the famous Mawi Beach is a 36 minute-drive away. Besides Kuta Beach, there are many other gorgeous beaches and good surfing spots with excellent waves in Kuta and South Coast of Lombok.\" \/>\n<meta property=\"og:url\" content=\"https:\/\/sikaralombokhotel.com\/es\/get-in-touch\/\" \/>\n<meta property=\"og:site_name\" content=\"Sikara Lombok Hotel\" \/>\n<meta property=\"article:modified_time\" content=\"2025-10-15T11:57:55+00:00\" \/>\n<meta name=\"twitter:card\" content=\"summary_large_image\" \/>\n<meta name=\"twitter:label1\" content=\"Tiempo de lectura\" \/>\n\t<meta name=\"twitter:data1\" content=\"1 minuto\" \/>\n<script type=\"application\/ld+json\" class=\"yoast-schema-graph\">{\"@context\":\"https:\/\/schema.org\",\"@graph\":[{\"@type\":\"WebPage\",\"@id\":\"https:\/\/sikaralombokhotel.com\/get-in-touch\/\",\"url\":\"https:\/\/sikaralombokhotel.com\/get-in-touch\/\",\"name\":\"Contact - Sikara Lombok Hotel\",\"isPartOf\":{\"@id\":\"https:\/\/sikaralombokhotel.com\/#website\"},\"datePublished\":\"2019-11-14T17:46:39+00:00\",\"dateModified\":\"2025-10-15T11:57:55+00:00\",\"description\":\"Sikara Lombok Hotel is located in the heart of Kuta on Jalan Mawun that is easily accessed and discovered. The stunning Kuta beach is also within walking distance and Lombok International airport lies approximately 29 kilometres north of the hotel while Mawun Beach is only 8 kilometres and the famous Mawi Beach is a 36 minute-drive away. Besides Kuta Beach, there are many other gorgeous beaches and good surfing spots with excellent waves in Kuta and South Coast of Lombok.\",\"breadcrumb\":{\"@id\":\"https:\/\/sikaralombokhotel.com\/get-in-touch\/#breadcrumb\"},\"inLanguage\":\"es\",\"potentialAction\":[{\"@type\":\"ReadAction\",\"target\":[\"https:\/\/sikaralombokhotel.com\/get-in-touch\/\"]}]},{\"@type\":\"BreadcrumbList\",\"@id\":\"https:\/\/sikaralombokhotel.com\/get-in-touch\/#breadcrumb\",\"itemListElement\":[{\"@type\":\"ListItem\",\"position\":1,\"name\":\"Home\",\"item\":\"https:\/\/sikaralombokhotel.com\/\"},{\"@type\":\"ListItem\",\"position\":2,\"name\":\"Contact\"}]},{\"@type\":\"WebSite\",\"@id\":\"https:\/\/sikaralombokhotel.com\/#website\",\"url\":\"https:\/\/sikaralombokhotel.com\/\",\"name\":\"Sikara Lombok Hotel\",\"description\":\"The Sikara Lombok Hotel is located at Lombok (Indonesia)\",\"publisher\":{\"@id\":\"https:\/\/sikaralombokhotel.com\/#organization\"},\"potentialAction\":[{\"@type\":\"SearchAction\",\"target\":{\"@type\":\"EntryPoint\",\"urlTemplate\":\"https:\/\/sikaralombokhotel.com\/?s={search_term_string}\"},\"query-input\":{\"@type\":\"PropertyValueSpecification\",\"valueRequired\":true,\"valueName\":\"search_term_string\"}}],\"inLanguage\":\"es\"},{\"@type\":\"Organization\",\"@id\":\"https:\/\/sikaralombokhotel.com\/#organization\",\"name\":\"Sikara Lombok Hotel\",\"url\":\"https:\/\/sikaralombokhotel.com\/\",\"logo\":{\"@type\":\"ImageObject\",\"inLanguage\":\"es\",\"@id\":\"https:\/\/sikaralombokhotel.com\/#\/schema\/logo\/image\/\",\"url\":\"https:\/\/sikaralombokhotel.com\/wp-content\/uploads\/2019\/11\/Logo.png\",\"contentUrl\":\"https:\/\/sikaralombokhotel.com\/wp-content\/uploads\/2019\/11\/Logo.png\",\"width\":842,\"height\":595,\"caption\":\"Sikara Lombok Hotel\"},\"image\":{\"@id\":\"https:\/\/sikaralombokhotel.com\/#\/schema\/logo\/image\/\"}}]}<\/script>\n<!-- \/ Yoast SEO plugin. -->","yoast_head_json":{"title":"Contact - Sikara Lombok Hotel","description":"Sikara Lombok Hotel en Indonesia est\u00e1 ubicado en el coraz\u00f3n de Kuta (Jalan Mawun) de f\u00e1cil acceso y descubrimiento. La impresionante playa de Kuta se encuentra a poca distancia y el aeropuerto internacional de Lombok se encuentra aproximadamente a 29 kil\u00f3metros al norte del hotel, mientras que la playa de Mawun est\u00e1 a s\u00f3lo 8 kil\u00f3metros y la famosa playa de Mawi est\u00e1 a 36 minutos en coche. Adem\u00e1s de la playa de Kuta, hay muchas otras playas hermosas y buenos lugares para surfear con excelentes olas en la costa sur de Lombok.","robots":{"index":"index","follow":"follow","max-snippet":"max-snippet:-1","max-image-preview":"max-image-preview:large","max-video-preview":"max-video-preview:-1"},"canonical":"https:\/\/sikaralombokhotel.com\/es\/get-in-touch\/","og_locale":"es_ES","og_type":"article","og_title":"Contact - Sikara Lombok Hotel","og_description":"Sikara Lombok Hotel is located in the heart of Kuta on Jalan Mawun that is easily accessed and discovered. The stunning Kuta beach is also within walking distance and Lombok International airport lies approximately 29 kilometres north of the hotel while Mawun Beach is only 8 kilometres and the famous Mawi Beach is a 36 minute-drive away. Besides Kuta Beach, there are many other gorgeous beaches and good surfing spots with excellent waves in Kuta and South Coast of Lombok.","og_url":"https:\/\/sikaralombokhotel.com\/es\/get-in-touch\/","og_site_name":"Sikara Lombok Hotel","article_modified_time":"2025-10-15T11:57:55+00:00","twitter_card":"summary_large_image","twitter_misc":{"Tiempo de lectura":"1 minuto"},"schema":{"@context":"https:\/\/schema.org","@graph":[{"@type":"WebPage","@id":"https:\/\/sikaralombokhotel.com\/get-in-touch\/","url":"https:\/\/sikaralombokhotel.com\/get-in-touch\/","name":"Contact - Sikara Lombok Hotel","isPartOf":{"@id":"https:\/\/sikaralombokhotel.com\/#website"},"datePublished":"2019-11-14T17:46:39+00:00","dateModified":"2025-10-15T11:57:55+00:00","description":"Sikara Lombok Hotel en Indonesia est\u00e1 ubicado en el coraz\u00f3n de Kuta (Jalan Mawun) de f\u00e1cil acceso y descubrimiento. La impresionante playa de Kuta se encuentra a poca distancia y el aeropuerto internacional de Lombok se encuentra aproximadamente a 29 kil\u00f3metros al norte del hotel, mientras que la playa de Mawun est\u00e1 a s\u00f3lo 8 kil\u00f3metros y la famosa playa de Mawi est\u00e1 a 36 minutos en coche. Adem\u00e1s de la playa de Kuta, hay muchas otras playas hermosas y buenos lugares para surfear con excelentes olas en la costa sur de Lombok.","breadcrumb":{"@id":"https:\/\/sikaralombokhotel.com\/get-in-touch\/#breadcrumb"},"inLanguage":"es","potentialAction":[{"@type":"ReadAction","target":["https:\/\/sikaralombokhotel.com\/get-in-touch\/"]}]},{"@type":"BreadcrumbList","@id":"https:\/\/sikaralombokhotel.com\/get-in-touch\/#breadcrumb","itemListElement":[{"@type":"ListItem","position":1,"name":"Home","item":"https:\/\/sikaralombokhotel.com\/"},{"@type":"ListItem","position":2,"name":"Contact"}]},{"@type":"WebSite","@id":"https:\/\/sikaralombokhotel.com\/#website","url":"https:\/\/sikaralombokhotel.com\/","name":"Sikara Lombok Hotel","description":"The Sikara Lombok Hotel is located at Lombok (Indonesia)","publisher":{"@id":"https:\/\/sikaralombokhotel.com\/#organization"},"potentialAction":[{"@type":"SearchAction","target":{"@type":"EntryPoint","urlTemplate":"https:\/\/sikaralombokhotel.com\/?s={search_term_string}"},"query-input":{"@type":"PropertyValueSpecification","valueRequired":true,"valueName":"search_term_string"}}],"inLanguage":"es"},{"@type":"Organization","@id":"https:\/\/sikaralombokhotel.com\/#organization","name":"Sikara Lombok Hotel","url":"https:\/\/sikaralombokhotel.com\/","logo":{"@type":"ImageObject","inLanguage":"es","@id":"https:\/\/sikaralombokhotel.com\/#\/schema\/logo\/image\/","url":"https:\/\/sikaralombokhotel.com\/wp-content\/uploads\/2019\/11\/Logo.png","contentUrl":"https:\/\/sikaralombokhotel.com\/wp-content\/uploads\/2019\/11\/Logo.png","width":842,"height":595,"caption":"Sikara Lombok Hotel"},"image":{"@id":"https:\/\/sikaralombokhotel.com\/#\/schema\/logo\/image\/"}}]}},"_links":{"self":[{"href":"https:\/\/sikaralombokhotel.com\/es\/wp-json\/wp\/v2\/pages\/34","targetHints":{"allow":["GET"]}}],"collection":[{"href":"https:\/\/sikaralombokhotel.com\/es\/wp-json\/wp\/v2\/pages"}],"about":[{"href":"https:\/\/sikaralombokhotel.com\/es\/wp-json\/wp\/v2\/types\/page"}],"author":[{"embeddable":true,"href":"https:\/\/sikaralombokhotel.com\/es\/wp-json\/wp\/v2\/users\/1"}],"replies":[{"embeddable":true,"href":"https:\/\/sikaralombokhotel.com\/es\/wp-json\/wp\/v2\/comments?post=34"}],"version-history":[{"count":109,"href":"https:\/\/sikaralombokhotel.com\/es\/wp-json\/wp\/v2\/pages\/34\/revisions"}],"predecessor-version":[{"id":3989,"href":"https:\/\/sikaralombokhotel.com\/es\/wp-json\/wp\/v2\/pages\/34\/revisions\/3989"}],"wp:attachment":[{"href":"https:\/\/sikaralombokhotel.com\/es\/wp-json\/wp\/v2\/media?parent=34"}],"curies":[{"name":"wp","href":"https:\/\/api.w.org\/{rel}","templated":true}]}}