{"id":3161,"date":"2025-10-13T11:45:44","date_gmt":"2025-10-13T04:45:44","guid":{"rendered":"https:\/\/sikaralombokhotel.com\/?page_id=3161"},"modified":"2026-04-19T12:26:35","modified_gmt":"2026-04-19T05:26:35","slug":"special-offers","status":"publish","type":"page","link":"https:\/\/sikaralombokhotel.com\/es\/special-offers\/","title":{"rendered":"Ofertas"},"content":{"rendered":"<div data-elementor-type=\"wp-page\" data-elementor-id=\"3161\" class=\"elementor elementor-3161\" data-elementor-post-type=\"page\">\n\t\t\t\t\t\t<section class=\"elementor-section elementor-top-section elementor-element elementor-element-4964896 elementor-section-boxed elementor-section-height-default elementor-section-height-default wpr-particle-no wpr-jarallax-no wpr-parallax-no wpr-sticky-section-no\" data-id=\"4964896\" data-element_type=\"section\">\n\t\t\t\t\t\t<div class=\"elementor-container elementor-column-gap-default\">\n\t\t\t\t\t<div class=\"elementor-column elementor-col-100 elementor-top-column elementor-element elementor-element-67cd331\" data-id=\"67cd331\" data-element_type=\"column\">\n\t\t\t<div class=\"elementor-widget-wrap elementor-element-populated\">\n\t\t\t\t\t\t<div class=\"elementor-element elementor-element-5e04c9f elementor-widget elementor-widget-spacer\" data-id=\"5e04c9f\" data-element_type=\"widget\" data-widget_type=\"spacer.default\">\n\t\t\t\t<div class=\"elementor-widget-container\">\n\t\t\t\t\t\t\t<div class=\"elementor-spacer\">\n\t\t\t<div class=\"elementor-spacer-inner\"><\/div>\n\t\t<\/div>\n\t\t\t\t\t\t<\/div>\n\t\t\t\t<\/div>\n\t\t\t\t\t<\/div>\n\t\t<\/div>\n\t\t\t\t\t<\/div>\n\t\t<\/section>\n\t\t\t\t<section class=\"elementor-section elementor-top-section elementor-element elementor-element-1dcc32a elementor-section-boxed elementor-section-height-default elementor-section-height-default wpr-particle-no wpr-jarallax-no wpr-parallax-no wpr-sticky-section-no\" data-id=\"1dcc32a\" data-element_type=\"section\">\n\t\t\t\t\t\t<div class=\"elementor-container elementor-column-gap-default\">\n\t\t\t\t\t<div class=\"elementor-column elementor-col-100 elementor-top-column elementor-element elementor-element-1e891d1\" data-id=\"1e891d1\" data-element_type=\"column\">\n\t\t\t<div class=\"elementor-widget-wrap elementor-element-populated\">\n\t\t\t\t\t\t<div class=\"elementor-element elementor-element-6516ff5 elementor-widget__width-initial elementor-arrows-position-inside elementor-widget elementor-widget-image-carousel\" data-id=\"6516ff5\" data-element_type=\"widget\" data-settings=\"{&quot;slides_to_show&quot;:&quot;2&quot;,&quot;slides_to_scroll&quot;:&quot;1&quot;,&quot;autoplay_speed&quot;:3000,&quot;navigation&quot;:&quot;arrows&quot;,&quot;autoplay&quot;:&quot;yes&quot;,&quot;pause_on_hover&quot;:&quot;yes&quot;,&quot;pause_on_interaction&quot;:&quot;yes&quot;,&quot;infinite&quot;:&quot;yes&quot;,&quot;speed&quot;:500}\" data-widget_type=\"image-carousel.default\">\n\t\t\t\t<div class=\"elementor-widget-container\">\n\t\t\t\t\t\t\t<div class=\"elementor-image-carousel-wrapper swiper\" role=\"region\" aria-roledescription=\"carousel\" aria-label=\"Image Carousel\" dir=\"ltr\">\n\t\t\t<div class=\"elementor-image-carousel swiper-wrapper swiper-image-stretch\" aria-live=\"off\">\n\t\t\t\t\t\t\t\t<div class=\"swiper-slide\" role=\"group\" aria-roledescription=\"slide\" aria-label=\"1 of 8\"><figure class=\"swiper-slide-inner\"><img decoding=\"async\" class=\"swiper-slide-image\" src=\"https:\/\/sikaralombokhotel.com\/wp-content\/uploads\/2026\/04\/WhatsApp-Image-2026-04-17-at-13.01.29.jpeg\" alt=\"WhatsApp Image 2026-04-17 at 13.01.29\" \/><\/figure><\/div><div class=\"swiper-slide\" role=\"group\" aria-roledescription=\"slide\" aria-label=\"2 of 8\"><figure class=\"swiper-slide-inner\"><img decoding=\"async\" class=\"swiper-slide-image\" src=\"https:\/\/sikaralombokhotel.com\/wp-content\/uploads\/2025\/11\/24-hours.png\" alt=\"24 hours\" \/><\/figure><\/div><div class=\"swiper-slide\" role=\"group\" aria-roledescription=\"slide\" aria-label=\"3 of 8\"><figure class=\"swiper-slide-inner\"><img decoding=\"async\" class=\"swiper-slide-image\" src=\"https:\/\/sikaralombokhotel.com\/wp-content\/uploads\/2025\/11\/2.png\" alt=\"2\" \/><\/figure><\/div><div class=\"swiper-slide\" role=\"group\" aria-roledescription=\"slide\" aria-label=\"4 of 8\"><figure class=\"swiper-slide-inner\"><img decoding=\"async\" class=\"swiper-slide-image\" src=\"https:\/\/sikaralombokhotel.com\/wp-content\/uploads\/2025\/11\/4.png\" alt=\"4\" \/><\/figure><\/div><div class=\"swiper-slide\" role=\"group\" aria-roledescription=\"slide\" aria-label=\"5 of 8\"><figure class=\"swiper-slide-inner\"><img decoding=\"async\" class=\"swiper-slide-image\" src=\"https:\/\/sikaralombokhotel.com\/wp-content\/uploads\/2025\/11\/3.png\" alt=\"3\" \/><\/figure><\/div><div class=\"swiper-slide\" role=\"group\" aria-roledescription=\"slide\" aria-label=\"6 of 8\"><figure class=\"swiper-slide-inner\"><img decoding=\"async\" class=\"swiper-slide-image\" src=\"https:\/\/sikaralombokhotel.com\/wp-content\/uploads\/2025\/11\/5.png\" alt=\"5\" \/><\/figure><\/div><div class=\"swiper-slide\" role=\"group\" aria-roledescription=\"slide\" aria-label=\"7 of 8\"><figure class=\"swiper-slide-inner\"><img decoding=\"async\" class=\"swiper-slide-image\" src=\"https:\/\/sikaralombokhotel.com\/wp-content\/uploads\/2025\/10\/Paella-Day-new2.png\" alt=\"Paella Day new2\" \/><\/figure><\/div><div class=\"swiper-slide\" role=\"group\" aria-roledescription=\"slide\" aria-label=\"8 of 8\"><figure class=\"swiper-slide-inner\"><img decoding=\"async\" class=\"swiper-slide-image\" src=\"https:\/\/sikaralombokhotel.com\/wp-content\/uploads\/2026\/04\/Sangria-Promo.pdf.png\" alt=\"Sangria Promo.pdf\" \/><\/figure><\/div>\t\t\t<\/div>\n\t\t\t\t\t\t\t\t\t\t\t\t<div class=\"elementor-swiper-button elementor-swiper-button-prev\" role=\"button\" tabindex=\"0\">\n\t\t\t\t\t\t<i aria-hidden=\"true\" class=\"eicon-chevron-left\"><\/i>\t\t\t\t\t<\/div>\n\t\t\t\t\t<div class=\"elementor-swiper-button elementor-swiper-button-next\" role=\"button\" tabindex=\"0\">\n\t\t\t\t\t\t<i aria-hidden=\"true\" class=\"eicon-chevron-right\"><\/i>\t\t\t\t\t<\/div>\n\t\t\t\t\n\t\t\t\t\t\t\t\t\t<\/div>\n\t\t\t\t\t\t<\/div>\n\t\t\t\t<\/div>\n\t\t\t\t\t<\/div>\n\t\t<\/div>\n\t\t\t\t\t<\/div>\n\t\t<\/section>\n\t\t\t\t<section class=\"elementor-section elementor-top-section elementor-element elementor-element-f5f85b2 elementor-section-boxed elementor-section-height-default elementor-section-height-default wpr-particle-no wpr-jarallax-no wpr-parallax-no wpr-sticky-section-no\" data-id=\"f5f85b2\" data-element_type=\"section\">\n\t\t\t\t\t\t<div class=\"elementor-container elementor-column-gap-default\">\n\t\t\t\t\t<div class=\"elementor-column elementor-col-100 elementor-top-column elementor-element elementor-element-bf64bfb\" data-id=\"bf64bfb\" data-element_type=\"column\">\n\t\t\t<div class=\"elementor-widget-wrap elementor-element-populated\">\n\t\t\t\t\t\t<div class=\"elementor-element elementor-element-5020ee8 elementor-align-center elementor-widget elementor-widget-button\" data-id=\"5020ee8\" data-element_type=\"widget\" data-widget_type=\"button.default\">\n\t\t\t\t<div class=\"elementor-widget-container\">\n\t\t\t\t\t\t\t\t\t<div class=\"elementor-button-wrapper\">\n\t\t\t\t\t<a class=\"elementor-button elementor-button-link elementor-size-sm\" href=\"http:\/\/wa.me\/+6285238639180\">\n\t\t\t\t\t\t<span class=\"elementor-button-content-wrapper\">\n\t\t\t\t\t\t\t\t\t<span class=\"elementor-button-text\">Get This Offer<\/span>\n\t\t\t\t\t<\/span>\n\t\t\t\t\t<\/a>\n\t\t\t\t<\/div>\n\t\t\t\t\t\t\t\t<\/div>\n\t\t\t\t<\/div>\n\t\t\t\t<div class=\"elementor-element elementor-element-92d0542 elementor-widget elementor-widget-spacer\" data-id=\"92d0542\" data-element_type=\"widget\" data-widget_type=\"spacer.default\">\n\t\t\t\t<div class=\"elementor-widget-container\">\n\t\t\t\t\t\t\t<div class=\"elementor-spacer\">\n\t\t\t<div class=\"elementor-spacer-inner\"><\/div>\n\t\t<\/div>\n\t\t\t\t\t\t<\/div>\n\t\t\t\t<\/div>\n\t\t\t\t\t<\/div>\n\t\t<\/div>\n\t\t\t\t\t<\/div>\n\t\t<\/section>\n\t\t\t\t<section class=\"elementor-section elementor-top-section elementor-element elementor-element-2f54545 elementor-section-boxed elementor-section-height-default elementor-section-height-default wpr-particle-no wpr-jarallax-no wpr-parallax-no wpr-sticky-section-no\" data-id=\"2f54545\" data-element_type=\"section\">\n\t\t\t\t\t\t<div class=\"elementor-container elementor-column-gap-default\">\n\t\t\t\t\t<div class=\"elementor-column elementor-col-100 elementor-top-column elementor-element elementor-element-735c4ac\" data-id=\"735c4ac\" data-element_type=\"column\">\n\t\t\t<div class=\"elementor-widget-wrap\">\n\t\t\t\t\t\t\t<\/div>\n\t\t<\/div>\n\t\t\t\t\t<\/div>\n\t\t<\/section>\n\t\t\t\t<\/div>","protected":false},"excerpt":{"rendered":"<p>Get This Offer<\/p>","protected":false},"author":1,"featured_media":0,"parent":0,"menu_order":0,"comment_status":"closed","ping_status":"closed","template":"elementor_header_footer","meta":{"content-type":"","footnotes":""},"class_list":["post-3161","page","type-page","status-publish","hentry","entry"],"yoast_head":"<!-- This site is optimized with the Yoast SEO plugin v26.4 - https:\/\/yoast.com\/wordpress\/plugins\/seo\/ -->\n<title>Special Offers - Sikara Lombok Hotel<\/title>\n<meta name=\"description\" content=\"Sikara Lombok Hotel is located in the heart of Kuta on Jalan Mawun that is easily accessed and discovered. The stunning Kuta beach is also within walking distance and Lombok International airport lies approximately 29 kilometres north of the hotel while Mawun Beach is only 8 kilometres and the famous Mawi Beach is a 36 minute-drive away. Besides Kuta Beach, there are many other gorgeous beaches and good surfing spots with excellent waves in Kuta and South Coast of Lombok.\" \/>\n<meta name=\"robots\" content=\"index, follow, max-snippet:-1, max-image-preview:large, max-video-preview:-1\" \/>\n<link rel=\"canonical\" href=\"https:\/\/sikaralombokhotel.com\/es\/special-offers\/\" \/>\n<meta property=\"og:locale\" content=\"es_ES\" \/>\n<meta property=\"og:type\" content=\"article\" \/>\n<meta property=\"og:title\" content=\"Special Offers - Sikara Lombok Hotel\" \/>\n<meta property=\"og:description\" content=\"Sikara Lombok Hotel is located in the heart of Kuta on Jalan Mawun that is easily accessed and discovered. The stunning Kuta beach is also within walking distance and Lombok International airport lies approximately 29 kilometres north of the hotel while Mawun Beach is only 8 kilometres and the famous Mawi Beach is a 36 minute-drive away. Besides Kuta Beach, there are many other gorgeous beaches and good surfing spots with excellent waves in Kuta and South Coast of Lombok.\" \/>\n<meta property=\"og:url\" content=\"https:\/\/sikaralombokhotel.com\/es\/special-offers\/\" \/>\n<meta property=\"og:site_name\" content=\"Sikara Lombok Hotel\" \/>\n<meta property=\"article:modified_time\" content=\"2026-04-19T05:26:35+00:00\" \/>\n<meta property=\"og:image\" content=\"https:\/\/sikaralombokhotel.com\/wp-content\/uploads\/2026\/04\/WhatsApp-Image-2026-04-17-at-13.01.29.jpeg\" \/>\n<meta name=\"twitter:card\" content=\"summary_large_image\" \/>\n<meta name=\"twitter:label1\" content=\"Tiempo de lectura\" \/>\n\t<meta name=\"twitter:data1\" content=\"3 minutos\" \/>\n<script type=\"application\/ld+json\" class=\"yoast-schema-graph\">{\"@context\":\"https:\/\/schema.org\",\"@graph\":[{\"@type\":\"WebPage\",\"@id\":\"https:\/\/sikaralombokhotel.com\/special-offers\/\",\"url\":\"https:\/\/sikaralombokhotel.com\/special-offers\/\",\"name\":\"Special Offers - Sikara Lombok Hotel\",\"isPartOf\":{\"@id\":\"https:\/\/sikaralombokhotel.com\/#website\"},\"primaryImageOfPage\":{\"@id\":\"https:\/\/sikaralombokhotel.com\/special-offers\/#primaryimage\"},\"image\":{\"@id\":\"https:\/\/sikaralombokhotel.com\/special-offers\/#primaryimage\"},\"thumbnailUrl\":\"https:\/\/sikaralombokhotel.com\/wp-content\/uploads\/2026\/04\/WhatsApp-Image-2026-04-17-at-13.01.29.jpeg\",\"datePublished\":\"2025-10-13T04:45:44+00:00\",\"dateModified\":\"2026-04-19T05:26:35+00:00\",\"description\":\"Sikara Lombok Hotel is located in the heart of Kuta on Jalan Mawun that is easily accessed and discovered. The stunning Kuta beach is also within walking distance and Lombok International airport lies approximately 29 kilometres north of the hotel while Mawun Beach is only 8 kilometres and the famous Mawi Beach is a 36 minute-drive away. Besides Kuta Beach, there are many other gorgeous beaches and good surfing spots with excellent waves in Kuta and South Coast of Lombok.\",\"breadcrumb\":{\"@id\":\"https:\/\/sikaralombokhotel.com\/special-offers\/#breadcrumb\"},\"inLanguage\":\"es\",\"potentialAction\":[{\"@type\":\"ReadAction\",\"target\":[\"https:\/\/sikaralombokhotel.com\/special-offers\/\"]}]},{\"@type\":\"ImageObject\",\"inLanguage\":\"es\",\"@id\":\"https:\/\/sikaralombokhotel.com\/special-offers\/#primaryimage\",\"url\":\"https:\/\/sikaralombokhotel.com\/wp-content\/uploads\/2026\/04\/WhatsApp-Image-2026-04-17-at-13.01.29.jpeg\",\"contentUrl\":\"https:\/\/sikaralombokhotel.com\/wp-content\/uploads\/2026\/04\/WhatsApp-Image-2026-04-17-at-13.01.29.jpeg\"},{\"@type\":\"BreadcrumbList\",\"@id\":\"https:\/\/sikaralombokhotel.com\/special-offers\/#breadcrumb\",\"itemListElement\":[{\"@type\":\"ListItem\",\"position\":1,\"name\":\"Home\",\"item\":\"https:\/\/sikaralombokhotel.com\/\"},{\"@type\":\"ListItem\",\"position\":2,\"name\":\"Special Offers\"}]},{\"@type\":\"WebSite\",\"@id\":\"https:\/\/sikaralombokhotel.com\/#website\",\"url\":\"https:\/\/sikaralombokhotel.com\/\",\"name\":\"Sikara Lombok Hotel\",\"description\":\"The Sikara Lombok Hotel is located at Lombok (Indonesia)\",\"publisher\":{\"@id\":\"https:\/\/sikaralombokhotel.com\/#organization\"},\"potentialAction\":[{\"@type\":\"SearchAction\",\"target\":{\"@type\":\"EntryPoint\",\"urlTemplate\":\"https:\/\/sikaralombokhotel.com\/?s={search_term_string}\"},\"query-input\":{\"@type\":\"PropertyValueSpecification\",\"valueRequired\":true,\"valueName\":\"search_term_string\"}}],\"inLanguage\":\"es\"},{\"@type\":\"Organization\",\"@id\":\"https:\/\/sikaralombokhotel.com\/#organization\",\"name\":\"Sikara Lombok Hotel\",\"url\":\"https:\/\/sikaralombokhotel.com\/\",\"logo\":{\"@type\":\"ImageObject\",\"inLanguage\":\"es\",\"@id\":\"https:\/\/sikaralombokhotel.com\/#\/schema\/logo\/image\/\",\"url\":\"https:\/\/sikaralombokhotel.com\/wp-content\/uploads\/2019\/11\/Logo.png\",\"contentUrl\":\"https:\/\/sikaralombokhotel.com\/wp-content\/uploads\/2019\/11\/Logo.png\",\"width\":842,\"height\":595,\"caption\":\"Sikara Lombok Hotel\"},\"image\":{\"@id\":\"https:\/\/sikaralombokhotel.com\/#\/schema\/logo\/image\/\"}}]}<\/script>\n<!-- \/ Yoast SEO plugin. -->","yoast_head_json":{"title":"Special Offers - Sikara Lombok Hotel","description":"Sikara Lombok Hotel en Indonesia est\u00e1 ubicado en el coraz\u00f3n de Kuta (Jalan Mawun) de f\u00e1cil acceso y descubrimiento. La impresionante playa de Kuta se encuentra a poca distancia y el aeropuerto internacional de Lombok se encuentra aproximadamente a 29 kil\u00f3metros al norte del hotel, mientras que la playa de Mawun est\u00e1 a s\u00f3lo 8 kil\u00f3metros y la famosa playa de Mawi est\u00e1 a 36 minutos en coche. Adem\u00e1s de la playa de Kuta, hay muchas otras playas hermosas y buenos lugares para surfear con excelentes olas en la costa sur de Lombok.","robots":{"index":"index","follow":"follow","max-snippet":"max-snippet:-1","max-image-preview":"max-image-preview:large","max-video-preview":"max-video-preview:-1"},"canonical":"https:\/\/sikaralombokhotel.com\/es\/special-offers\/","og_locale":"es_ES","og_type":"article","og_title":"Special Offers - Sikara Lombok Hotel","og_description":"Sikara Lombok Hotel is located in the heart of Kuta on Jalan Mawun that is easily accessed and discovered. The stunning Kuta beach is also within walking distance and Lombok International airport lies approximately 29 kilometres north of the hotel while Mawun Beach is only 8 kilometres and the famous Mawi Beach is a 36 minute-drive away. Besides Kuta Beach, there are many other gorgeous beaches and good surfing spots with excellent waves in Kuta and South Coast of Lombok.","og_url":"https:\/\/sikaralombokhotel.com\/es\/special-offers\/","og_site_name":"Sikara Lombok Hotel","article_modified_time":"2026-04-19T05:26:35+00:00","og_image":[{"url":"https:\/\/sikaralombokhotel.com\/wp-content\/uploads\/2026\/04\/WhatsApp-Image-2026-04-17-at-13.01.29.jpeg","type":"","width":"","height":""}],"twitter_card":"summary_large_image","twitter_misc":{"Tiempo de lectura":"3 minutos"},"schema":{"@context":"https:\/\/schema.org","@graph":[{"@type":"WebPage","@id":"https:\/\/sikaralombokhotel.com\/special-offers\/","url":"https:\/\/sikaralombokhotel.com\/special-offers\/","name":"Special Offers - Sikara Lombok Hotel","isPartOf":{"@id":"https:\/\/sikaralombokhotel.com\/#website"},"primaryImageOfPage":{"@id":"https:\/\/sikaralombokhotel.com\/special-offers\/#primaryimage"},"image":{"@id":"https:\/\/sikaralombokhotel.com\/special-offers\/#primaryimage"},"thumbnailUrl":"https:\/\/sikaralombokhotel.com\/wp-content\/uploads\/2026\/04\/WhatsApp-Image-2026-04-17-at-13.01.29.jpeg","datePublished":"2025-10-13T04:45:44+00:00","dateModified":"2026-04-19T05:26:35+00:00","description":"Sikara Lombok Hotel en Indonesia est\u00e1 ubicado en el coraz\u00f3n de Kuta (Jalan Mawun) de f\u00e1cil acceso y descubrimiento. La impresionante playa de Kuta se encuentra a poca distancia y el aeropuerto internacional de Lombok se encuentra aproximadamente a 29 kil\u00f3metros al norte del hotel, mientras que la playa de Mawun est\u00e1 a s\u00f3lo 8 kil\u00f3metros y la famosa playa de Mawi est\u00e1 a 36 minutos en coche. Adem\u00e1s de la playa de Kuta, hay muchas otras playas hermosas y buenos lugares para surfear con excelentes olas en la costa sur de Lombok.","breadcrumb":{"@id":"https:\/\/sikaralombokhotel.com\/special-offers\/#breadcrumb"},"inLanguage":"es","potentialAction":[{"@type":"ReadAction","target":["https:\/\/sikaralombokhotel.com\/special-offers\/"]}]},{"@type":"ImageObject","inLanguage":"es","@id":"https:\/\/sikaralombokhotel.com\/special-offers\/#primaryimage","url":"https:\/\/sikaralombokhotel.com\/wp-content\/uploads\/2026\/04\/WhatsApp-Image-2026-04-17-at-13.01.29.jpeg","contentUrl":"https:\/\/sikaralombokhotel.com\/wp-content\/uploads\/2026\/04\/WhatsApp-Image-2026-04-17-at-13.01.29.jpeg"},{"@type":"BreadcrumbList","@id":"https:\/\/sikaralombokhotel.com\/special-offers\/#breadcrumb","itemListElement":[{"@type":"ListItem","position":1,"name":"Home","item":"https:\/\/sikaralombokhotel.com\/"},{"@type":"ListItem","position":2,"name":"Special Offers"}]},{"@type":"WebSite","@id":"https:\/\/sikaralombokhotel.com\/#website","url":"https:\/\/sikaralombokhotel.com\/","name":"Sikara Lombok Hotel","description":"The Sikara Lombok Hotel is located at Lombok (Indonesia)","publisher":{"@id":"https:\/\/sikaralombokhotel.com\/#organization"},"potentialAction":[{"@type":"SearchAction","target":{"@type":"EntryPoint","urlTemplate":"https:\/\/sikaralombokhotel.com\/?s={search_term_string}"},"query-input":{"@type":"PropertyValueSpecification","valueRequired":true,"valueName":"search_term_string"}}],"inLanguage":"es"},{"@type":"Organization","@id":"https:\/\/sikaralombokhotel.com\/#organization","name":"Sikara Lombok Hotel","url":"https:\/\/sikaralombokhotel.com\/","logo":{"@type":"ImageObject","inLanguage":"es","@id":"https:\/\/sikaralombokhotel.com\/#\/schema\/logo\/image\/","url":"https:\/\/sikaralombokhotel.com\/wp-content\/uploads\/2019\/11\/Logo.png","contentUrl":"https:\/\/sikaralombokhotel.com\/wp-content\/uploads\/2019\/11\/Logo.png","width":842,"height":595,"caption":"Sikara Lombok Hotel"},"image":{"@id":"https:\/\/sikaralombokhotel.com\/#\/schema\/logo\/image\/"}}]}},"_links":{"self":[{"href":"https:\/\/sikaralombokhotel.com\/es\/wp-json\/wp\/v2\/pages\/3161","targetHints":{"allow":["GET"]}}],"collection":[{"href":"https:\/\/sikaralombokhotel.com\/es\/wp-json\/wp\/v2\/pages"}],"about":[{"href":"https:\/\/sikaralombokhotel.com\/es\/wp-json\/wp\/v2\/types\/page"}],"author":[{"embeddable":true,"href":"https:\/\/sikaralombokhotel.com\/es\/wp-json\/wp\/v2\/users\/1"}],"replies":[{"embeddable":true,"href":"https:\/\/sikaralombokhotel.com\/es\/wp-json\/wp\/v2\/comments?post=3161"}],"version-history":[{"count":289,"href":"https:\/\/sikaralombokhotel.com\/es\/wp-json\/wp\/v2\/pages\/3161\/revisions"}],"predecessor-version":[{"id":4718,"href":"https:\/\/sikaralombokhotel.com\/es\/wp-json\/wp\/v2\/pages\/3161\/revisions\/4718"}],"wp:attachment":[{"href":"https:\/\/sikaralombokhotel.com\/es\/wp-json\/wp\/v2\/media?parent=3161"}],"curies":[{"name":"wp","href":"https:\/\/api.w.org\/{rel}","templated":true}]}}